{"id":297,"date":"2024-06-24T10:21:47","date_gmt":"2024-06-24T15:21:47","guid":{"rendered":"https:\/\/grupo-prointec.com\/?page_id=297"},"modified":"2025-07-10T16:52:47","modified_gmt":"2025-07-10T21:52:47","slug":"nosotros","status":"publish","type":"page","link":"https:\/\/grupo-prointec.com\/?page_id=297","title":{"rendered":"NOSOTROS"},"content":{"rendered":"\t\t<div data-elementor-type=\"wp-page\" data-elementor-id=\"297\" class=\"elementor elementor-297\" data-elementor-post-type=\"page\">\n\t\t\t\t<div class=\"elementor-element elementor-element-884d290 e-flex e-con-boxed e-con e-parent\" data-id=\"884d290\" data-element_type=\"container\">\n\t\t\t\t\t<div class=\"e-con-inner\">\n\t\t<div class=\"elementor-element elementor-element-8409ad4 e-flex e-con-boxed e-con e-child\" data-id=\"8409ad4\" data-element_type=\"container\">\n\t\t\t\t\t<div class=\"e-con-inner\">\n\t\t\t\t\t<\/div>\n\t\t\t\t<\/div>\n\t\t\t\t\t<\/div>\n\t\t\t\t<\/div>\n\t\t<div class=\"elementor-element elementor-element-0833773 e-flex e-con-boxed e-con e-parent\" data-id=\"0833773\" data-element_type=\"container\">\n\t\t\t\t\t<div class=\"e-con-inner\">\n\t\t\t\t<div class=\"elementor-element elementor-element-82cd9ea elementor-widget elementor-widget-text-editor\" data-id=\"82cd9ea\" data-element_type=\"widget\" data-widget_type=\"text-editor.default\">\n\t\t\t\t<div class=\"elementor-widget-container\">\n\t\t\t<style>\/*! elementor - v3.21.0 - 26-05-2024 *\/\n.elementor-widget-text-editor.elementor-drop-cap-view-stacked .elementor-drop-cap{background-color:#69727d;color:#fff}.elementor-widget-text-editor.elementor-drop-cap-view-framed .elementor-drop-cap{color:#69727d;border:3px solid;background-color:transparent}.elementor-widget-text-editor:not(.elementor-drop-cap-view-default) .elementor-drop-cap{margin-top:8px}.elementor-widget-text-editor:not(.elementor-drop-cap-view-default) .elementor-drop-cap-letter{width:1em;height:1em}.elementor-widget-text-editor .elementor-drop-cap{float:left;text-align:center;line-height:1;font-size:50px}.elementor-widget-text-editor .elementor-drop-cap-letter{display:inline-block}<\/style>\t\t\t\t<p style=\"text-align: center;\"><span style=\"text-decoration: underline; color: #cc2121;\"><strong>QUIENES SOMOS<\/strong><\/span><\/p><p style=\"text-align: center;\">Somos una compa\u00f1\u00eda dedicada a la importaci\u00f3n y comercializaci\u00f3n de varias marcas de herramientas y equipos lideres para la industria Petrolera , minera, industrial, construcci\u00f3n y automotriz siempre con la mejor calidad, garant\u00eda y servicio t\u00e9cnico garantizado.<\/p>\t\t\t\t\t\t<\/div>\n\t\t\t\t<\/div>\n\t\t\t\t\t<\/div>\n\t\t\t\t<\/div>\n\t\t<div class=\"elementor-element elementor-element-95a4168 e-flex e-con-boxed e-con e-parent\" data-id=\"95a4168\" data-element_type=\"container\">\n\t\t\t\t\t<div class=\"e-con-inner\">\n\t\t<div class=\"elementor-element elementor-element-3549a41 e-con-full e-flex e-con e-child\" data-id=\"3549a41\" data-element_type=\"container\">\n\t\t\t\t<div class=\"elementor-element elementor-element-0017b55 elementor-widget elementor-widget-text-editor\" data-id=\"0017b55\" data-element_type=\"widget\" data-widget_type=\"text-editor.default\">\n\t\t\t\t<div class=\"elementor-widget-container\">\n\t\t\t\t\t\t\t<p style=\"text-align: center;\"><span style=\"text-decoration: underline; color: #cc2121;\"><strong>NUESTRA VISION<\/strong><\/span><\/p><p>Desde nuestros inicios en 1988 hemos conquistado el mercado Ecuatoriano, gracias a la calidad de nuestros productos de alta tecnolog\u00eda, calidad y la seguridad que nos brindan\u00a0 nuestros fabricantes en todo el mundo.\u00a0<\/p><p>Nos han dado realce al compromiso fijado para con nuestros clientes .\u00a0<\/p><p>A trav\u00e9s del tiempo hemos aprendido a captar las necesidades en el sector publico, como en el privado.<\/p>\t\t\t\t\t\t<\/div>\n\t\t\t\t<\/div>\n\t\t\t\t<\/div>\n\t\t<div class=\"elementor-element elementor-element-2458b10 e-con-full e-flex e-con e-child\" data-id=\"2458b10\" data-element_type=\"container\">\n\t\t\t\t<div class=\"elementor-element elementor-element-58e2dc1 elementor-widget elementor-widget-text-editor\" data-id=\"58e2dc1\" data-element_type=\"widget\" data-widget_type=\"text-editor.default\">\n\t\t\t\t<div class=\"elementor-widget-container\">\n\t\t\t\t\t\t\t<p style=\"text-align: center;\"><span style=\"text-decoration: underline; color: #cc2121;\"><strong>NUESTRA MISION<\/strong><\/span><\/p><p>Nuestra empresa se ve comprometida a satisfacer las necesidades de nuestros consumidores en el \u00e1rea Petrolera , minera, industrial, construccion y automotriz, ofreciendoles la oportunidad de adquirir productos Ecuatorianos y Extranjeros que se caracterizan por su optimo desempeno y que son reconocidos tanto nacional como internacionalmente, esto debido a el deleite generado en los clientes por la perfeccion y eficiencia de nuestros productos.<\/p>\t\t\t\t\t\t<\/div>\n\t\t\t\t<\/div>\n\t\t\t\t<\/div>\n\t\t<div class=\"elementor-element elementor-element-7ef4e4d e-con-full e-flex e-con e-child\" data-id=\"7ef4e4d\" data-element_type=\"container\">\n\t\t\t\t<div class=\"elementor-element elementor-element-cdd6a69 elementor-widget elementor-widget-text-editor\" data-id=\"cdd6a69\" data-element_type=\"widget\" data-widget_type=\"text-editor.default\">\n\t\t\t\t<div class=\"elementor-widget-container\">\n\t\t\t\t\t\t\t<p style=\"text-align: center;\">Ofrecemos una amplia variedad de productos como herramientas, bancos de enderezar , productos y accesorios para lubricaci\u00f3n ,Bombas susrtidoras de combustible, equipos y herramientas hidr\u00e1ulicas , elevadores y rampas, compresores, metrolog\u00eda dimensional, equipamiento automotriz y mucho mas\u2026<\/p><p style=\"text-align: center;\"><span style=\"color: #cc2121;\"><strong>Somos su mejor aliado en cada proyecto que usted emprenda.<\/strong><\/span><\/p>\t\t\t\t\t\t<\/div>\n\t\t\t\t<\/div>\n\t\t\t\t<\/div>\n\t\t\t\t\t<\/div>\n\t\t\t\t<\/div>\n\t\t\t\t<\/div>\n\t\t","protected":false},"excerpt":{"rendered":"<p>QUIENES SOMOS Somos una compa\u00f1\u00eda dedicada a la importaci\u00f3n y comercializaci\u00f3n de varias marcas de herramientas y equipos lideres para [&hellip;]<\/p>\n","protected":false},"author":1,"featured_media":0,"parent":0,"menu_order":0,"comment_status":"closed","ping_status":"closed","template":"","meta":{"site-sidebar-layout":"no-sidebar","site-content-layout":"","ast-site-content-layout":"full-width-container","site-content-style":"default","site-sidebar-style":"default","ast-global-header-display":"","ast-banner-title-visibility":"","ast-main-header-display":"","ast-hfb-above-header-display":"","ast-hfb-below-header-display":"","ast-hfb-mobile-header-display":"","site-post-title":"disabled","ast-breadcrumbs-content":"","ast-featured-img":"disabled","footer-sml-layout":"","theme-transparent-header-meta":"","adv-header-id-meta":"","stick-header-meta":"","header-above-stick-meta":"","header-main-stick-meta":"","header-below-stick-meta":"","astra-migrate-meta-layouts":"default","ast-page-background-enabled":"default","ast-page-background-meta":{"desktop":{"background-color":"var(--ast-global-color-4)","background-image":"","background-repeat":"repeat","background-position":"center center","background-size":"auto","background-attachment":"scroll","background-type":"","background-media":"","overlay-type":"","overlay-color":"","overlay-opacity":"","overlay-gradient":""},"tablet":{"background-color":"","background-image":"","background-repeat":"repeat","background-position":"center center","background-size":"auto","background-attachment":"scroll","background-type":"","background-media":"","overlay-type":"","overlay-color":"","overlay-opacity":"","overlay-gradient":""},"mobile":{"background-color":"","background-image":"","background-repeat":"repeat","background-position":"center center","background-size":"auto","background-attachment":"scroll","background-type":"","background-media":"","overlay-type":"","overlay-color":"","overlay-opacity":"","overlay-gradient":""}},"ast-content-background-meta":{"desktop":{"background-color":"var(--ast-global-color-5)","background-image":"","background-repeat":"repeat","background-position":"center center","background-size":"auto","background-attachment":"scroll","background-type":"","background-media":"","overlay-type":"","overlay-color":"","overlay-opacity":"","overlay-gradient":""},"tablet":{"background-color":"var(--ast-global-color-5)","background-image":"","background-repeat":"repeat","background-position":"center center","background-size":"auto","background-attachment":"scroll","background-type":"","background-media":"","overlay-type":"","overlay-color":"","overlay-opacity":"","overlay-gradient":""},"mobile":{"background-color":"var(--ast-global-color-5)","background-image":"","background-repeat":"repeat","background-position":"center center","background-size":"auto","background-attachment":"scroll","background-type":"","background-media":"","overlay-type":"","overlay-color":"","overlay-opacity":"","overlay-gradient":""}},"footnotes":""},"class_list":["post-297","page","type-page","status-publish","hentry"],"_links":{"self":[{"href":"https:\/\/grupo-prointec.com\/index.php?rest_route=\/wp\/v2\/pages\/297","targetHints":{"allow":["GET"]}}],"collection":[{"href":"https:\/\/grupo-prointec.com\/index.php?rest_route=\/wp\/v2\/pages"}],"about":[{"href":"https:\/\/grupo-prointec.com\/index.php?rest_route=\/wp\/v2\/types\/page"}],"author":[{"embeddable":true,"href":"https:\/\/grupo-prointec.com\/index.php?rest_route=\/wp\/v2\/users\/1"}],"replies":[{"embeddable":true,"href":"https:\/\/grupo-prointec.com\/index.php?rest_route=%2Fwp%2Fv2%2Fcomments&post=297"}],"version-history":[{"count":31,"href":"https:\/\/grupo-prointec.com\/index.php?rest_route=\/wp\/v2\/pages\/297\/revisions"}],"predecessor-version":[{"id":443,"href":"https:\/\/grupo-prointec.com\/index.php?rest_route=\/wp\/v2\/pages\/297\/revisions\/443"}],"wp:attachment":[{"href":"https:\/\/grupo-prointec.com\/index.php?rest_route=%2Fwp%2Fv2%2Fmedia&parent=297"}],"curies":[{"name":"wp","href":"https:\/\/api.w.org\/{rel}","templated":true}]}}